{"id":112,"date":"2022-08-07T20:54:54","date_gmt":"2022-08-07T18:54:54","guid":{"rendered":"https:\/\/yalaz.com.tr\/?page_id=112"},"modified":"2022-08-07T20:54:56","modified_gmt":"2022-08-07T18:54:56","slug":"hakkimizda","status":"publish","type":"page","link":"https:\/\/yalaz.com.tr\/index.php\/hakkimizda\/","title":{"rendered":"HAKKIMIZDA"},"content":{"rendered":"","protected":false},"excerpt":{"rendered":"","protected":false},"author":1,"featured_media":0,"parent":0,"menu_order":0,"comment_status":"closed","ping_status":"closed","template":"","meta":{"footnotes":""},"class_list":["post-112","page","type-page","status-publish","hentry"],"yoast_head":"<!-- This site is optimized with the Yoast SEO plugin v19.4 - https:\/\/yoast.com\/wordpress\/plugins\/seo\/ -->\n<title>HAKKIMIZDA - YALAZ TEKST\u0130L SAN. T\u0130C A.\u015e.<\/title>\n<meta name=\"robots\" content=\"index, follow, max-snippet:-1, max-image-preview:large, max-video-preview:-1\" \/>\n<link rel=\"canonical\" href=\"https:\/\/yalaz.com.tr\/index.php\/hakkimizda\/\" \/>\n<meta property=\"og:locale\" content=\"tr_TR\" \/>\n<meta property=\"og:type\" content=\"article\" \/>\n<meta property=\"og:title\" content=\"HAKKIMIZDA - YALAZ TEKST\u0130L SAN. T\u0130C A.\u015e.\" \/>\n<meta property=\"og:url\" content=\"https:\/\/yalaz.com.tr\/index.php\/hakkimizda\/\" \/>\n<meta property=\"og:site_name\" content=\"YALAZ TEKST\u0130L SAN. T\u0130C A.\u015e.\" \/>\n<meta property=\"article:modified_time\" content=\"2022-08-07T18:54:56+00:00\" \/>\n<meta name=\"twitter:card\" content=\"summary_large_image\" \/>\n<script type=\"application\/ld+json\" class=\"yoast-schema-graph\">{\"@context\":\"https:\/\/schema.org\",\"@graph\":[{\"@type\":\"Organization\",\"@id\":\"https:\/\/yalaz.com.tr\/#organization\",\"name\":\"YALAZ TEKST\u0130L SAN. T\u0130C A.\u015e.\",\"url\":\"https:\/\/yalaz.com.tr\/\",\"sameAs\":[],\"logo\":{\"@type\":\"ImageObject\",\"inLanguage\":\"tr\",\"@id\":\"https:\/\/yalaz.com.tr\/#\/schema\/logo\/image\/\",\"url\":\"https:\/\/yalaz.com.tr\/wp-content\/uploads\/2022\/08\/cropped-cropped-InstaSize_1202170659-150x150-1.jpg\",\"contentUrl\":\"https:\/\/yalaz.com.tr\/wp-content\/uploads\/2022\/08\/cropped-cropped-InstaSize_1202170659-150x150-1.jpg\",\"width\":150,\"height\":70,\"caption\":\"YALAZ TEKST\u0130L SAN. T\u0130C A.\u015e.\"},\"image\":{\"@id\":\"https:\/\/yalaz.com.tr\/#\/schema\/logo\/image\/\"}},{\"@type\":\"WebSite\",\"@id\":\"https:\/\/yalaz.com.tr\/#website\",\"url\":\"https:\/\/yalaz.com.tr\/\",\"name\":\"YALAZ TEKST\u0130L SAN. T\u0130C A.\u015e.\",\"description\":\"\",\"publisher\":{\"@id\":\"https:\/\/yalaz.com.tr\/#organization\"},\"potentialAction\":[{\"@type\":\"SearchAction\",\"target\":{\"@type\":\"EntryPoint\",\"urlTemplate\":\"https:\/\/yalaz.com.tr\/?s={search_term_string}\"},\"query-input\":\"required name=search_term_string\"}],\"inLanguage\":\"tr\"},{\"@type\":\"WebPage\",\"@id\":\"https:\/\/yalaz.com.tr\/index.php\/hakkimizda\/\",\"url\":\"https:\/\/yalaz.com.tr\/index.php\/hakkimizda\/\",\"name\":\"HAKKIMIZDA - YALAZ TEKST\u0130L SAN. T\u0130C A.\u015e.\",\"isPartOf\":{\"@id\":\"https:\/\/yalaz.com.tr\/#website\"},\"datePublished\":\"2022-08-07T18:54:54+00:00\",\"dateModified\":\"2022-08-07T18:54:56+00:00\",\"breadcrumb\":{\"@id\":\"https:\/\/yalaz.com.tr\/index.php\/hakkimizda\/#breadcrumb\"},\"inLanguage\":\"tr\",\"potentialAction\":[{\"@type\":\"ReadAction\",\"target\":[\"https:\/\/yalaz.com.tr\/index.php\/hakkimizda\/\"]}]},{\"@type\":\"BreadcrumbList\",\"@id\":\"https:\/\/yalaz.com.tr\/index.php\/hakkimizda\/#breadcrumb\",\"itemListElement\":[{\"@type\":\"ListItem\",\"position\":1,\"name\":\"Home\",\"item\":\"https:\/\/yalaz.com.tr\/\"},{\"@type\":\"ListItem\",\"position\":2,\"name\":\"HAKKIMIZDA\"}]}]}<\/script>\n<!-- \/ Yoast SEO plugin. -->","yoast_head_json":{"title":"HAKKIMIZDA - YALAZ TEKST\u0130L SAN. T\u0130C A.\u015e.","robots":{"index":"index","follow":"follow","max-snippet":"max-snippet:-1","max-image-preview":"max-image-preview:large","max-video-preview":"max-video-preview:-1"},"canonical":"https:\/\/yalaz.com.tr\/index.php\/hakkimizda\/","og_locale":"tr_TR","og_type":"article","og_title":"HAKKIMIZDA - YALAZ TEKST\u0130L SAN. T\u0130C A.\u015e.","og_url":"https:\/\/yalaz.com.tr\/index.php\/hakkimizda\/","og_site_name":"YALAZ TEKST\u0130L SAN. T\u0130C A.\u015e.","article_modified_time":"2022-08-07T18:54:56+00:00","twitter_card":"summary_large_image","schema":{"@context":"https:\/\/schema.org","@graph":[{"@type":"Organization","@id":"https:\/\/yalaz.com.tr\/#organization","name":"YALAZ TEKST\u0130L SAN. T\u0130C A.\u015e.","url":"https:\/\/yalaz.com.tr\/","sameAs":[],"logo":{"@type":"ImageObject","inLanguage":"tr","@id":"https:\/\/yalaz.com.tr\/#\/schema\/logo\/image\/","url":"https:\/\/yalaz.com.tr\/wp-content\/uploads\/2022\/08\/cropped-cropped-InstaSize_1202170659-150x150-1.jpg","contentUrl":"https:\/\/yalaz.com.tr\/wp-content\/uploads\/2022\/08\/cropped-cropped-InstaSize_1202170659-150x150-1.jpg","width":150,"height":70,"caption":"YALAZ TEKST\u0130L SAN. T\u0130C A.\u015e."},"image":{"@id":"https:\/\/yalaz.com.tr\/#\/schema\/logo\/image\/"}},{"@type":"WebSite","@id":"https:\/\/yalaz.com.tr\/#website","url":"https:\/\/yalaz.com.tr\/","name":"YALAZ TEKST\u0130L SAN. T\u0130C A.\u015e.","description":"","publisher":{"@id":"https:\/\/yalaz.com.tr\/#organization"},"potentialAction":[{"@type":"SearchAction","target":{"@type":"EntryPoint","urlTemplate":"https:\/\/yalaz.com.tr\/?s={search_term_string}"},"query-input":"required name=search_term_string"}],"inLanguage":"tr"},{"@type":"WebPage","@id":"https:\/\/yalaz.com.tr\/index.php\/hakkimizda\/","url":"https:\/\/yalaz.com.tr\/index.php\/hakkimizda\/","name":"HAKKIMIZDA - YALAZ TEKST\u0130L SAN. T\u0130C A.\u015e.","isPartOf":{"@id":"https:\/\/yalaz.com.tr\/#website"},"datePublished":"2022-08-07T18:54:54+00:00","dateModified":"2022-08-07T18:54:56+00:00","breadcrumb":{"@id":"https:\/\/yalaz.com.tr\/index.php\/hakkimizda\/#breadcrumb"},"inLanguage":"tr","potentialAction":[{"@type":"ReadAction","target":["https:\/\/yalaz.com.tr\/index.php\/hakkimizda\/"]}]},{"@type":"BreadcrumbList","@id":"https:\/\/yalaz.com.tr\/index.php\/hakkimizda\/#breadcrumb","itemListElement":[{"@type":"ListItem","position":1,"name":"Home","item":"https:\/\/yalaz.com.tr\/"},{"@type":"ListItem","position":2,"name":"HAKKIMIZDA"}]}]}},"_links":{"self":[{"href":"https:\/\/yalaz.com.tr\/index.php\/wp-json\/wp\/v2\/pages\/112","targetHints":{"allow":["GET"]}}],"collection":[{"href":"https:\/\/yalaz.com.tr\/index.php\/wp-json\/wp\/v2\/pages"}],"about":[{"href":"https:\/\/yalaz.com.tr\/index.php\/wp-json\/wp\/v2\/types\/page"}],"author":[{"embeddable":true,"href":"https:\/\/yalaz.com.tr\/index.php\/wp-json\/wp\/v2\/users\/1"}],"replies":[{"embeddable":true,"href":"https:\/\/yalaz.com.tr\/index.php\/wp-json\/wp\/v2\/comments?post=112"}],"version-history":[{"count":1,"href":"https:\/\/yalaz.com.tr\/index.php\/wp-json\/wp\/v2\/pages\/112\/revisions"}],"predecessor-version":[{"id":113,"href":"https:\/\/yalaz.com.tr\/index.php\/wp-json\/wp\/v2\/pages\/112\/revisions\/113"}],"wp:attachment":[{"href":"https:\/\/yalaz.com.tr\/index.php\/wp-json\/wp\/v2\/media?parent=112"}],"curies":[{"name":"wp","href":"https:\/\/api.w.org\/{rel}","templated":true}]}}